{"id":744,"date":"2016-01-27T01:02:11","date_gmt":"2016-01-27T01:02:11","guid":{"rendered":"https:\/\/g12.co\/digital\/pt-br\/check\/"},"modified":"2016-08-17T15:06:39","modified_gmt":"2016-08-17T20:06:39","slug":"check","status":"publish","type":"page","link":"https:\/\/digital.g12.co\/pt-br\/check\/","title":{"rendered":"C\u00f3digo cart\u00e3o"},"content":{"rendered":"<div class=\"mm-checkoutContainer\"><form id='mm_checkout_form' name='mm_checkout_form' action='https:\/\/digital.g12.co\/wp-content\/plugins\/membermouse\/api\/processOrder.php' onsubmit=\"return mmjs.checkout(true);\" method='post'><input type='hidden' id='mm_membership_level_id' name='mm_membership_level_id' value='3' \/><input type='hidden' id='mm_product_id' name='mm_product_id' value='0' \/><input type='hidden' id='mm_is_member' name='mm_is_member' value='0' \/><input type='hidden' id='mm_is_free' name='mm_is_free' value='1' \/><input type='hidden' id='mm_is_gift' name='mm_is_gift' value='0' \/><input type='hidden' id='mm_is_shippable' name='mm_is_shippable' value='0' \/><input type='hidden' id='mm_checkout_url' name='mm_checkout_url' value='https:\/\/digital.g12.co\/pt-br\/wp-json\/wp\/v2\/pages\/744' \/><input type='hidden' id='mm_field_payment_service' name='mm_field_payment_service' \/><input type='hidden' id='mm_field_billing_equals_shipping' name='mm_field_billing_equals_shipping' value='1' \/><input type='hidden' id='mm_is_admin' value='0' \/><input type='hidden' id='mm_is_customer_support_order' name='mm_is_customer_support_order' value='0' \/><input type='hidden' id='mm_data_product_price' value='$0.00 USD' \/><input type='hidden' id='mm_data_shipping_price' value='0' \/><input type='hidden' id='mm_data_discount' value='0' \/><input type='hidden' id='mm_do_comp' value='0' \/><input type='hidden' id='hasFormSubmitted' value='' \/>\r\n\r\n<div class=\"mm_left_column\">\r\n<div style=\"display:none;\">\n\r\n<div id=\"mm-coupon-block\" class=\"mm-couponSection mm-checkoutInfoBlock\">\r\n<h3>C\u00f3digo cart\u00e3o<\/h3>\r\n<p class=\"mm-formField\"><input type='text' id='mm_field_coupon_code' name='mm_field_coupon_code' value='' onkeydown='return mmjs.couponCheck(event);' class='mm-textField'  \/>\n\r\n<a class=\"mm-button\" href=\"javascript:mmjs.applyCoupon();\">Aplicar C\u00f3digo<\/a><\/p>\r\n<span id=\"mm_label_coupon_success\" class=\"mm-couponSuccessMessage\" style=\"display:none\"><\/span>\r\n<span id=\"mm_label_coupon_error\" class=\"mm-couponErrorMessage\" style=\"display:none\"><\/span>\r\n\r\n<\/div>\r\n<\/div>\n\r\n\r\n<div id=\"mm-billing-information-section\" class=\"mm-checkoutInfoBlock\">\r\n<h3>Detalhes de faturamento<\/h3>\r\nNenhuma informa\u00e7\u00e3o de pagamento \u00e9 necess\u00e1rio.\r\n<\/div>\r\n\r\n<div >\n\r\n<div id=\"mm-account-information-section\" class=\"mm-checkoutInfoBlock\">\r\n<h3>INFORMA\u00c7\u00c3O DA CONTA<\/h3>\r\n<p class=\"mm-formField\"><label>Primeiro nome:<\/label>\r\n<input type='text' id='mm_field_first_name' name='mm_field_first_name' value='' class='mm-textField' placeholder=\"Primeiro nome:\" \/>\n<\/p>\r\n<p class=\"mm-formField\"><label>\u00daltimo nome:<\/label>\r\n<input type='text' id='mm_field_last_name' name='mm_field_last_name' value='' class='mm-textField' placeholder=\"\u00daltimo nome\" \/>\n<\/p>\r\n<p class=\"mm-formField\"><label>Email:<\/label>\r\n<input type='text' id='mm_field_email' name='mm_field_email' value='' class='mm-textField' placeholder=\"Email\" \/>\n<\/p>\r\n<p class=\"mm-formField\"><label>Senha:<\/label>\r\n<input type='password' autocomplete='off' id='mm_field_password' name='mm_field_password' class='mm-textField'  placeholder=\"Senha\" \/>\n<\/p>\r\n<p class=\"mm-formField\"><label>Telefone:<\/label>\r\n<input type='text' onkeydown=\"return mmjs.onlyNumbers(event,'phone')\" id='mm_field_phone' name='mm_field_phone' value='' class='mm-textField' placeholder=\"Telefone\" \/>\n<\/p>\r\n\r\n<\/div>\r\n<\/div>\n\r\n\r\n<\/div>\r\n<div class=\"mm_right_column\">\r\n<div class=\"mm-checkoutSection2\">\r\n<h3><span class=\"mm-data\">G12 Digital<\/span>\n<\/h3>\r\n<p class=\"mm-productDesc\"><span class=\"mm-data\">G12 Digital Membership<\/span>\n<\/p>\r\n\r\n<ul>\r\n<ul>\r\n\t<li><span class=\"mm-prices\">Pre\u00e7o do produto:<\/span> <span class=\"mm-data\">Free<\/span>\n<\/li>\r\n<\/ul>\r\n<\/ul>\r\n\r\n<div id=\"mm-discount-info-block-0\" style=\"display:none;\" class=\"mm-discount-true\">\r\n<ul>\r\n<ul>\r\n\t<li><span class=\"mm-prices\">Desconto:<\/span> <span class=\"mm-data\"><span id=\"mm_label_discount\"><\/span><\/span>\n<\/li>\r\n<\/ul>\r\n<\/ul>\r\n<\/div>\r\n<ul>\r\n\t<li><span class=\"mm-prices\">Pre\u00e7o do produto:<\/span> <span class=\"mm-data\"><span id=\"mm_label_total_price\"><\/span><\/span>\n<\/li>\r\n<\/ul>\r\n<\/div>\r\n<div class=\"mm-purchaseSection\">\r\n<div class=\"mm-giftsection\">\r\n\r\n<\/div>\r\n<div class=\"mm-paymentbuttons\"><p><a href=\"javascript: mmjs.checkout(true);\" class=\"mm-button large orange\" style=\"width:160px; text-align:center;\">Enviar pedido<\/a><\/p><\/div>\r\n<\/div>\r\n<\/div>\r\n<input type='hidden' id='mm_field_phone_optional' name='mm_field_phone_optional' \/>\n<div style=\"border: 0 none; height: 0; width: 0; padding: 0; margin: 0; overflow: hidden;\"><input type=\"submit\" tabindex=\"-1\"\/><\/div>\n<input type='hidden' id='mm_submission_mutex' name='mm_submission_mutex' value='p3vt5xihne' \/><\/form>\n<script>\njQuery(function() {\nmmjs.toggleShippingInfo();\nmmjs.toggleGiftSection(false);\nmmjs.shippingMethodChangeHandler();\nmmjs.discountChangeHandler(mmjs.formatMoney(\"0.00\"));\njQuery('#mm_field_payment_service').val('');\n});\nvar mm_nonce_name_checkout_form = 'mm-security';\n<\/script>\n\r\n\r\n<\/div>","protected":false},"excerpt":{"rendered":"C\u00f3digo cart\u00e3o Aplicar C\u00f3digo Detalhes de faturamento Nenhuma informa\u00e7\u00e3o de pagamento \u00e9 necess\u00e1rio. INFORMA\u00c7\u00c3O DA CONTA Primeiro nome: \u00daltimo nome: Email: Senha: Telefone: G12 Digital G12 Digital Membership Pre\u00e7o do produto: Free Desconto: Pre\u00e7o do produto: Enviar pedido","protected":false},"author":1,"featured_media":0,"parent":0,"menu_order":0,"comment_status":"open","ping_status":"open","template":"","meta":{"footnotes":""},"class_list":["post-744","page","type-page","status-publish","hentry"],"_links":{"self":[{"href":"https:\/\/digital.g12.co\/pt-br\/wp-json\/wp\/v2\/pages\/744","targetHints":{"allow":["GET"]}}],"collection":[{"href":"https:\/\/digital.g12.co\/pt-br\/wp-json\/wp\/v2\/pages"}],"about":[{"href":"https:\/\/digital.g12.co\/pt-br\/wp-json\/wp\/v2\/types\/page"}],"author":[{"embeddable":true,"href":"https:\/\/digital.g12.co\/pt-br\/wp-json\/wp\/v2\/users\/1"}],"replies":[{"embeddable":true,"href":"https:\/\/digital.g12.co\/pt-br\/wp-json\/wp\/v2\/comments?post=744"}],"version-history":[{"count":5,"href":"https:\/\/digital.g12.co\/pt-br\/wp-json\/wp\/v2\/pages\/744\/revisions"}],"predecessor-version":[{"id":1064,"href":"https:\/\/digital.g12.co\/pt-br\/wp-json\/wp\/v2\/pages\/744\/revisions\/1064"}],"wp:attachment":[{"href":"https:\/\/digital.g12.co\/pt-br\/wp-json\/wp\/v2\/media?parent=744"}],"curies":[{"name":"wp","href":"https:\/\/api.w.org\/{rel}","templated":true}]}}